{"id":40603,"date":"2019-09-01T00:00:59","date_gmt":"2019-09-01T00:00:59","guid":{"rendered":"https:\/\/tbvm.pt\/en\/?page_id=40603"},"modified":"2020-09-22T14:28:41","modified_gmt":"2020-09-22T14:28:41","slug":"contacts","status":"publish","type":"page","link":"https:\/\/tbvm.pt\/en\/contacts\/","title":{"rendered":"Contacts"},"content":{"rendered":"<p>[et_pb_section fb_built=&#8221;1&#8243; _builder_version=&#8221;4.6.1&#8243; background_image=&#8221;https:\/\/tbvm.pt\/en\/wp-content\/uploads\/2020\/09\/conatctos_topo.jpg&#8221; custom_margin=&#8221;0px||0px||true&#8221; custom_padding=&#8221;0px||0px||true&#8221; locked=&#8221;off&#8221;][et_pb_row use_custom_gutter=&#8221;on&#8221; gutter_width=&#8221;1&#8243; custom_padding_last_edited=&#8221;on|desktop&#8221; module_class=&#8221; et_pb_row_fullwidth&#8221; _builder_version=&#8221;4.6.1&#8243; background_enable_color=&#8221;off&#8221; width=&#8221;100%&#8221; width_tablet=&#8221;100%&#8221; width_phone=&#8221;&#8221; width_last_edited=&#8221;on|desktop&#8221; max_width=&#8221;100%&#8221; max_width_tablet=&#8221;100%&#8221; max_width_phone=&#8221;&#8221; max_width_last_edited=&#8221;on|desktop&#8221; custom_margin=&#8221;0px||0px||true&#8221; custom_padding=&#8221;80px|20px|80px|20px|true|true&#8221; custom_padding_tablet=&#8221;80px||80px||true&#8221; custom_padding_phone=&#8221;60px||60px||true&#8221; make_fullwidth=&#8221;on&#8221;][et_pb_column type=&#8221;4_4&#8243; _builder_version=&#8221;3.25&#8243; custom_padding=&#8221;|||&#8221; custom_padding__hover=&#8221;|||&#8221;][et_pb_text content_tablet=&#8221;&#8221; content_phone=&#8221;<\/p>\n<h1 style=%22font-weight: 200; padding-bottom: 10px; padding-top: 10px;%22>SOCIEDADE<\/h1>\n<p>&#8221; content_last_edited=&#8221;on|phone&#8221; _builder_version=&#8221;4.6.3&#8243; text_font=&#8221;||||||||&#8221; header_font=&#8221;|300||on|||||&#8221; header_text_align=&#8221;center&#8221; background_color=&#8221;rgba(15,57,72,0.67)&#8221; text_orientation=&#8221;justified&#8221; background_layout=&#8221;dark&#8221; width=&#8221;80%&#8221; max_width=&#8221;350px&#8221; module_alignment=&#8221;center&#8221; custom_margin=&#8221;20px||0px||false|false&#8221; custom_padding=&#8221;0px||0px||true&#8221; hover_enabled=&#8221;0&#8243; header_font_size_tablet=&#8221;&#8221; header_font_size_phone=&#8221;&#8221; header_font_size_last_edited=&#8221;on|phone&#8221; locked=&#8221;off&#8221; sticky_enabled=&#8221;0&#8243;]<\/p>\n<h1 style=\"font-weight: 200; padding-bottom: 20px; padding-top: 20px;\">Contacts<\/h1>\n<p>[\/et_pb_text][\/et_pb_column][\/et_pb_row][\/et_pb_section][et_pb_section fb_built=&#8221;1&#8243; _builder_version=&#8221;3.22&#8243; custom_margin=&#8221;0px||0px||true&#8221; custom_padding=&#8221;0px||0px||true&#8221; locked=&#8221;off&#8221;][et_pb_row column_structure=&#8221;1_3,1_3,1_3&#8243; custom_padding_last_edited=&#8221;on|desktop&#8221; _builder_version=&#8221;3.25&#8243; custom_margin=&#8221;0px||0px||true&#8221; custom_padding=&#8221;50px||50px||true|&#8221; custom_padding_tablet=&#8221;70px||70px||true&#8221; custom_padding_phone=&#8221;60px||60px||true&#8221;][et_pb_column type=&#8221;1_3&#8243; _builder_version=&#8221;3.25&#8243; custom_padding=&#8221;|||&#8221; custom_padding__hover=&#8221;|||&#8221;][et_pb_blurb title=&#8221;E-mail&#8221; use_icon=&#8221;on&#8221; font_icon=&#8221;%%238%%&#8221; icon_color=&#8221;#ffffff&#8221; use_circle=&#8221;on&#8221; circle_color=&#8221;#c3a064&#8243; use_icon_font_size=&#8221;on&#8221; icon_font_size=&#8221;20px&#8221; module_class=&#8221;linkcont02&#8243; _builder_version=&#8221;4.6.1&#8243; header_font=&#8221;MyriadPro-Light|||on|||||&#8221; header_font_size=&#8221;26px&#8221; header_letter_spacing=&#8221;1px&#8221; text_orientation=&#8221;center&#8221; custom_margin=&#8221;0px||0px||true&#8221; custom_padding=&#8221;0px||0px||true&#8221; custom_padding_tablet=&#8221;||&#8221; custom_padding_phone=&#8221;&#8221; custom_padding_last_edited=&#8221;on|desktop&#8221; animation=&#8221;off&#8221;]<a href=\"mailto:geral@tbvm.pt\">geral@tbvm.pt<\/a>[\/et_pb_blurb][\/et_pb_column][et_pb_column type=&#8221;1_3&#8243; _builder_version=&#8221;3.25&#8243; custom_padding=&#8221;|||&#8221; custom_padding__hover=&#8221;|||&#8221;][et_pb_blurb title=&#8221;Address&#8221; use_icon=&#8221;on&#8221; font_icon=&#8221;%%249%%&#8221; icon_color=&#8221;#ffffff&#8221; use_circle=&#8221;on&#8221; circle_color=&#8221;#c3a064&#8243; use_icon_font_size=&#8221;on&#8221; icon_font_size=&#8221;20px&#8221; module_class=&#8221;linkcont02&#8243; _builder_version=&#8221;4.6.3&#8243; header_font=&#8221;MyriadPro-Light|||on|||||&#8221; header_font_size=&#8221;26px&#8221; header_letter_spacing=&#8221;1px&#8221; text_orientation=&#8221;center&#8221; custom_margin=&#8221;0px||0px||true&#8221; custom_padding=&#8221;0px||0px||true&#8221; custom_padding_tablet=&#8221;||&#8221; custom_padding_phone=&#8221;&#8221; custom_padding_last_edited=&#8221;on|desktop&#8221; animation=&#8221;off&#8221; hover_enabled=&#8221;0&#8243; sticky_enabled=&#8221;0&#8243;]Rua Dr. Eduardo de Almeida 268<br \/>\n4810-264 Guimar\u00e3es<br \/>\nPortugal<br \/>\nGPS: W N41\u00ba 26\u00b440\u2019\u2019 L O8\u00ba 17\u2019 14\u2019\u2019[\/et_pb_blurb][\/et_pb_column][et_pb_column type=&#8221;1_3&#8243; _builder_version=&#8221;3.25&#8243; custom_padding=&#8221;|||&#8221; custom_padding__hover=&#8221;|||&#8221;][et_pb_blurb title=&#8221;TELEPHONE&#8221; use_icon=&#8221;on&#8221; font_icon=&#8221;%%264%%&#8221; icon_color=&#8221;#ffffff&#8221; use_circle=&#8221;on&#8221; circle_color=&#8221;#c3a064&#8243; use_icon_font_size=&#8221;on&#8221; icon_font_size=&#8221;20px&#8221; module_class=&#8221;linkcont02&#8243; _builder_version=&#8221;4.6.3&#8243; header_font=&#8221;MyriadPro-Light|||on|||||&#8221; header_font_size=&#8221;26px&#8221; header_letter_spacing=&#8221;1px&#8221; text_orientation=&#8221;center&#8221; custom_margin=&#8221;0px||0px||true&#8221; custom_padding=&#8221;0px||0px||true&#8221; custom_padding_tablet=&#8221;||&#8221; custom_padding_phone=&#8221;&#8221; custom_padding_last_edited=&#8221;on|desktop&#8221; animation=&#8221;off&#8221; hover_enabled=&#8221;0&#8243; sticky_enabled=&#8221;0&#8243;]<a href=\"tel:+351 253 423 780\">Ph.: (351) 253 423 780<\/a><br \/><a href=\"tel:+351 253 415 291\">Fax.: (351) 253 415 291<\/a>[\/et_pb_blurb][\/et_pb_column][\/et_pb_row][\/et_pb_section][et_pb_section fb_built=&#8221;1&#8243; custom_padding_last_edited=&#8221;on|desktop&#8221; disabled_on=&#8221;off|off|off&#8221; module_id=&#8221;empresa&#8221; _builder_version=&#8221;4.6.1&#8243; background_color=&#8221;#f7f7f7&#8243; custom_margin=&#8221;0px||0px||true|false&#8221; custom_padding=&#8221;60px||40px||false|false&#8221; custom_padding_tablet=&#8221;70px||70px||true|false&#8221; custom_padding_phone=&#8221;60px||60px||true|false&#8221; locked=&#8221;off&#8221;][et_pb_row _builder_version=&#8221;4.6.1&#8243; max_width=&#8221;1000px&#8221; custom_margin=&#8221;0px||0px||true|false&#8221; custom_padding=&#8221;0px||0px||true|false&#8221;][et_pb_column type=&#8221;4_4&#8243; _builder_version=&#8221;4.4.9&#8243;][et_pb_divider divider_weight=&#8221;2px&#8221; admin_label=&#8221;Divider&#8221; _builder_version=&#8221;4.6.1&#8243; _module_preset=&#8221;default&#8221; max_width=&#8221;350px&#8221; max_width_tablet=&#8221;&#8221; max_width_phone=&#8221;200px&#8221; max_width_last_edited=&#8221;on|phone&#8221; module_alignment=&#8221;center&#8221;][\/et_pb_divider][et_pb_text _builder_version=&#8221;4.6.3&#8243; _module_preset=&#8221;default&#8221; header_font=&#8221;Roboto|300|||||||&#8221; text_orientation=&#8221;center&#8221; hover_enabled=&#8221;0&#8243; sticky_enabled=&#8221;0&#8243;]<\/p>\n<h1>CONTACT FORM<\/h1>\n<p>[\/et_pb_text][\/et_pb_column][\/et_pb_row][\/et_pb_section][et_pb_section fb_built=&#8221;1&#8243; _builder_version=&#8221;4.6.1&#8243; background_color=&#8221;#f7f7f7&#8243; custom_margin=&#8221;0px||0px||true&#8221; custom_padding=&#8221;0px||0px||true&#8221; locked=&#8221;off&#8221;][et_pb_row custom_padding_last_edited=&#8221;on|desktop&#8221; _builder_version=&#8221;4.6.1&#8243; max_width=&#8221;900px&#8221; custom_margin=&#8221;0px||0px||true&#8221; custom_padding=&#8221;0px||80px||false&#8221; custom_padding_tablet=&#8221;||70px&#8221; custom_padding_phone=&#8221;||60px&#8221;][et_pb_column type=&#8221;4_4&#8243; _builder_version=&#8221;3.25&#8243; custom_padding=&#8221;|||&#8221; custom_padding__hover=&#8221;|||&#8221;][et_pb_contact_form captcha=&#8221;off&#8221; email=&#8221;geral@tbvm.pt&#8221; custom_message=&#8221;FORMUL\u00c1RIO DE CONTACTO DO SITE VERS\u00c3O INGLESA||et_pb_line_break_holder||||et_pb_line_break_holder||Name: %%Nome%%||et_pb_line_break_holder||Email: %%Email%%||et_pb_line_break_holder||Phone: %%Telefone%%||et_pb_line_break_holder||Subject: %%Assunto%%||et_pb_line_break_holder||Message: %%Mensagem%%||et_pb_line_break_holder||||et_pb_line_break_holder||||et_pb_line_break_holder||%%Politica_de_Privacidade%%&#8221; success_message=&#8221;Your message was sent successfully, we will reply soon!&#8221; submit_button_text=&#8221;Send&#8221; module_id=&#8221;et_pb_contact_form_0&#8243; module_class=&#8221;notitle&#8221; _builder_version=&#8221;4.6.3&#8243; form_field_background_color=&#8221;#ffffff&#8221; form_field_text_color=&#8221;#0f3948&#8243; title_level=&#8221;h2&#8243; title_font=&#8221;||||||||&#8221; title_text_align=&#8221;center&#8221; form_field_font=&#8221;|300|||||||&#8221; form_field_font_size=&#8221;16px&#8221; custom_button=&#8221;on&#8221; button_bg_color=&#8221;#0f3948&#8243; button_border_color=&#8221;#0f3948&#8243; text_orientation=&#8221;left&#8221; custom_margin=&#8221;0px||0px||true&#8221; custom_padding=&#8221;0px||0px||true|false&#8221; custom_padding_tablet=&#8221;||||false|false&#8221; custom_padding_phone=&#8221;||||false|false&#8221; custom_padding_last_edited=&#8221;off|desktop&#8221; hover_enabled=&#8221;0&#8243; custom_css_contact_title=&#8221;padding-bottom: 30px;&#8221; border_width_all=&#8221;1px&#8221; border_color_all=&#8221;#0f3948&#8243; form_background_color=&#8221;rgba(0,0,0,0)&#8221; button_bg_color__hover_enabled=&#8221;on|desktop&#8221; sticky_enabled=&#8221;0&#8243;][et_pb_contact_field field_id=&#8221;Nome&#8221; field_title=&#8221;Name&#8221; _builder_version=&#8221;4.6.3&#8243; hover_enabled=&#8221;0&#8243; button_text_size__hover_enabled=&#8221;off&#8221; button_one_text_size__hover_enabled=&#8221;off&#8221; button_two_text_size__hover_enabled=&#8221;off&#8221; button_text_color__hover_enabled=&#8221;off&#8221; button_one_text_color__hover_enabled=&#8221;off&#8221; button_two_text_color__hover_enabled=&#8221;off&#8221; button_border_width__hover_enabled=&#8221;off&#8221; button_one_border_width__hover_enabled=&#8221;off&#8221; button_two_border_width__hover_enabled=&#8221;off&#8221; button_border_color__hover_enabled=&#8221;off&#8221; button_one_border_color__hover_enabled=&#8221;off&#8221; button_two_border_color__hover_enabled=&#8221;off&#8221; button_border_radius__hover_enabled=&#8221;off&#8221; button_one_border_radius__hover_enabled=&#8221;off&#8221; button_two_border_radius__hover_enabled=&#8221;off&#8221; button_letter_spacing__hover_enabled=&#8221;off&#8221; button_one_letter_spacing__hover_enabled=&#8221;off&#8221; button_two_letter_spacing__hover_enabled=&#8221;off&#8221; button_bg_color__hover_enabled=&#8221;off&#8221; button_one_bg_color__hover_enabled=&#8221;off&#8221; button_two_bg_color__hover_enabled=&#8221;off&#8221; sticky_enabled=&#8221;0&#8243;][\/et_pb_contact_field][et_pb_contact_field field_id=&#8221;Email&#8221; field_title=&#8221;Email&#8221; field_type=&#8221;email&#8221; _builder_version=&#8221;3.17.6&#8243; button_text_size__hover_enabled=&#8221;off&#8221; button_one_text_size__hover_enabled=&#8221;off&#8221; button_two_text_size__hover_enabled=&#8221;off&#8221; button_text_color__hover_enabled=&#8221;off&#8221; button_one_text_color__hover_enabled=&#8221;off&#8221; button_two_text_color__hover_enabled=&#8221;off&#8221; button_border_width__hover_enabled=&#8221;off&#8221; button_one_border_width__hover_enabled=&#8221;off&#8221; button_two_border_width__hover_enabled=&#8221;off&#8221; button_border_color__hover_enabled=&#8221;off&#8221; button_one_border_color__hover_enabled=&#8221;off&#8221; button_two_border_color__hover_enabled=&#8221;off&#8221; button_border_radius__hover_enabled=&#8221;off&#8221; button_one_border_radius__hover_enabled=&#8221;off&#8221; button_two_border_radius__hover_enabled=&#8221;off&#8221; button_letter_spacing__hover_enabled=&#8221;off&#8221; button_one_letter_spacing__hover_enabled=&#8221;off&#8221; button_two_letter_spacing__hover_enabled=&#8221;off&#8221; button_bg_color__hover_enabled=&#8221;off&#8221; button_one_bg_color__hover_enabled=&#8221;off&#8221; button_two_bg_color__hover_enabled=&#8221;off&#8221;][\/et_pb_contact_field][et_pb_contact_field field_id=&#8221;Telefone&#8221; field_title=&#8221;Phone&#8221; _builder_version=&#8221;4.6.3&#8243; hover_enabled=&#8221;0&#8243; button_text_size__hover_enabled=&#8221;off&#8221; button_one_text_size__hover_enabled=&#8221;off&#8221; button_two_text_size__hover_enabled=&#8221;off&#8221; button_text_color__hover_enabled=&#8221;off&#8221; button_one_text_color__hover_enabled=&#8221;off&#8221; button_two_text_color__hover_enabled=&#8221;off&#8221; button_border_width__hover_enabled=&#8221;off&#8221; button_one_border_width__hover_enabled=&#8221;off&#8221; button_two_border_width__hover_enabled=&#8221;off&#8221; button_border_color__hover_enabled=&#8221;off&#8221; button_one_border_color__hover_enabled=&#8221;off&#8221; button_two_border_color__hover_enabled=&#8221;off&#8221; button_border_radius__hover_enabled=&#8221;off&#8221; button_one_border_radius__hover_enabled=&#8221;off&#8221; button_two_border_radius__hover_enabled=&#8221;off&#8221; button_letter_spacing__hover_enabled=&#8221;off&#8221; button_one_letter_spacing__hover_enabled=&#8221;off&#8221; button_two_letter_spacing__hover_enabled=&#8221;off&#8221; button_bg_color__hover_enabled=&#8221;off&#8221; button_one_bg_color__hover_enabled=&#8221;off&#8221; button_two_bg_color__hover_enabled=&#8221;off&#8221; sticky_enabled=&#8221;0&#8243;][\/et_pb_contact_field][et_pb_contact_field field_id=&#8221;Assunto&#8221; field_title=&#8221;Subject&#8221; _builder_version=&#8221;4.6.3&#8243; hover_enabled=&#8221;0&#8243; button_text_size__hover_enabled=&#8221;off&#8221; button_one_text_size__hover_enabled=&#8221;off&#8221; button_two_text_size__hover_enabled=&#8221;off&#8221; button_text_color__hover_enabled=&#8221;off&#8221; button_one_text_color__hover_enabled=&#8221;off&#8221; button_two_text_color__hover_enabled=&#8221;off&#8221; button_border_width__hover_enabled=&#8221;off&#8221; button_one_border_width__hover_enabled=&#8221;off&#8221; button_two_border_width__hover_enabled=&#8221;off&#8221; button_border_color__hover_enabled=&#8221;off&#8221; button_one_border_color__hover_enabled=&#8221;off&#8221; button_two_border_color__hover_enabled=&#8221;off&#8221; button_border_radius__hover_enabled=&#8221;off&#8221; button_one_border_radius__hover_enabled=&#8221;off&#8221; button_two_border_radius__hover_enabled=&#8221;off&#8221; button_letter_spacing__hover_enabled=&#8221;off&#8221; button_one_letter_spacing__hover_enabled=&#8221;off&#8221; button_two_letter_spacing__hover_enabled=&#8221;off&#8221; button_bg_color__hover_enabled=&#8221;off&#8221; button_one_bg_color__hover_enabled=&#8221;off&#8221; button_two_bg_color__hover_enabled=&#8221;off&#8221; sticky_enabled=&#8221;0&#8243;][\/et_pb_contact_field][et_pb_contact_field field_id=&#8221;Mensagem&#8221; field_title=&#8221;Message&#8221; field_type=&#8221;text&#8221; fullwidth_field=&#8221;on&#8221; _builder_version=&#8221;4.6.3&#8243; custom_margin=&#8221;0px||10px||false&#8221; hover_enabled=&#8221;0&#8243; button_text_size__hover_enabled=&#8221;off&#8221; button_one_text_size__hover_enabled=&#8221;off&#8221; button_two_text_size__hover_enabled=&#8221;off&#8221; button_text_color__hover_enabled=&#8221;off&#8221; button_one_text_color__hover_enabled=&#8221;off&#8221; button_two_text_color__hover_enabled=&#8221;off&#8221; button_border_width__hover_enabled=&#8221;off&#8221; button_one_border_width__hover_enabled=&#8221;off&#8221; button_two_border_width__hover_enabled=&#8221;off&#8221; button_border_color__hover_enabled=&#8221;off&#8221; button_one_border_color__hover_enabled=&#8221;off&#8221; button_two_border_color__hover_enabled=&#8221;off&#8221; button_border_radius__hover_enabled=&#8221;off&#8221; button_one_border_radius__hover_enabled=&#8221;off&#8221; button_two_border_radius__hover_enabled=&#8221;off&#8221; button_letter_spacing__hover_enabled=&#8221;off&#8221; button_one_letter_spacing__hover_enabled=&#8221;off&#8221; button_two_letter_spacing__hover_enabled=&#8221;off&#8221; button_bg_color__hover_enabled=&#8221;off&#8221; button_one_bg_color__hover_enabled=&#8221;off&#8221; button_two_bg_color__hover_enabled=&#8221;off&#8221; sticky_enabled=&#8221;0&#8243;][\/et_pb_contact_field][et_pb_contact_field field_id=&#8221;Politica_de_Privacidade&#8221; field_title=&#8221;Pol\u00edtica de Privacidade&#8221; field_type=&#8221;checkbox&#8221; checkbox_options=&#8221;%91{%22value%22:%22I declare that I have read, accepted and authorize them to use my data to contact me in accordance with the Privacy Policy.%22,%22checked%22:0,%22dragID%22:-1,%22link_text%22:%22Know more%22,%22link_url%22:%22https:\/\/tbvm.pt\/en\/protecao-de-dados\/#PP%22}%93&#8243; fullwidth_field=&#8221;on&#8221; _builder_version=&#8221;4.6.3&#8243; custom_margin=&#8221;||25px&#8221; hover_enabled=&#8221;0&#8243; button_text_size__hover_enabled=&#8221;off&#8221; button_one_text_size__hover_enabled=&#8221;off&#8221; button_two_text_size__hover_enabled=&#8221;off&#8221; button_text_color__hover_enabled=&#8221;off&#8221; button_one_text_color__hover_enabled=&#8221;off&#8221; button_two_text_color__hover_enabled=&#8221;off&#8221; button_border_width__hover_enabled=&#8221;off&#8221; button_one_border_width__hover_enabled=&#8221;off&#8221; button_two_border_width__hover_enabled=&#8221;off&#8221; button_border_color__hover_enabled=&#8221;off&#8221; button_one_border_color__hover_enabled=&#8221;off&#8221; button_two_border_color__hover_enabled=&#8221;off&#8221; button_border_radius__hover_enabled=&#8221;off&#8221; button_one_border_radius__hover_enabled=&#8221;off&#8221; button_two_border_radius__hover_enabled=&#8221;off&#8221; button_letter_spacing__hover_enabled=&#8221;off&#8221; button_one_letter_spacing__hover_enabled=&#8221;off&#8221; button_two_letter_spacing__hover_enabled=&#8221;off&#8221; button_bg_color__hover_enabled=&#8221;off&#8221; button_one_bg_color__hover_enabled=&#8221;off&#8221; button_two_bg_color__hover_enabled=&#8221;off&#8221; sticky_enabled=&#8221;0&#8243;][\/et_pb_contact_field][\/et_pb_contact_form][\/et_pb_column][\/et_pb_row][\/et_pb_section][et_pb_section fb_built=&#8221;1&#8243; fullwidth=&#8221;on&#8221; _builder_version=&#8221;3.22&#8243; custom_margin=&#8221;0px||-7px||false&#8221; custom_padding=&#8221;0px||0px||true&#8221; locked=&#8221;off&#8221;][et_pb_fullwidth_code _builder_version=&#8221;4.6.1&#8243; custom_margin=&#8221;0px||0px||true&#8221; custom_padding=&#8221;0px||0px||true&#8221;]<iframe src=\"https:\/\/www.google.com\/maps\/embed?pb=!1m18!1m12!1m3!1d2990.7599724103316!2d-8.289328884946833!3d41.44442957925905!2m3!1f0!2f0!3f0!3m2!1i1024!2i768!4f13.1!3m3!1m2!1s0xd24efead45cf40f%3A0x22105cc0221ac9f8!2sR.%20Dr.%20Eduardo%20Almeida%20268%2C%204810-027%20Guimar%C3%A3es!5e0!3m2!1spt-PT!2spt!4v1600074087187!5m2!1spt-PT!2spt\" width=\"100%\" height=\"400\" frameborder=\"0\" style=\"border:0;\" allowfullscreen=\"\" aria-hidden=\"false\" tabindex=\"0\"><\/iframe>[\/et_pb_fullwidth_code][\/et_pb_section][et_pb_section fb_built=&#8221;1&#8243; _builder_version=&#8221;4.4.9&#8243; custom_margin=&#8221;0px||0px||true|false&#8221; custom_padding=&#8221;0px||0px||true|false&#8221;][et_pb_row column_structure=&#8221;1_4,1_2,1_4&#8243; column_padding_mobile=&#8221;on&#8221; custom_padding_last_edited=&#8221;on|desktop&#8221; module_class=&#8221; et_pb_row_fullwidth&#8221; _builder_version=&#8221;4.6.1&#8243; background_size=&#8221;initial&#8221; background_position=&#8221;top_left&#8221; background_repeat=&#8221;repeat&#8221; width=&#8221;95%&#8221; width_tablet=&#8221;80%&#8221; width_phone=&#8221;&#8221; width_last_edited=&#8221;on|desktop&#8221; max_width=&#8221;95%&#8221; custom_margin=&#8221;0px||0px||true|false&#8221; custom_padding=&#8221;40px|0px|40px|0px|true|true&#8221; custom_padding_tablet=&#8221;|25px||25px|true|true&#8221; custom_padding_phone=&#8221;||||true|true&#8221; make_fullwidth=&#8221;on&#8221; global_module=&#8221;47329&#8243; saved_tabs=&#8221;all&#8221;][et_pb_column type=&#8221;1_4&#8243; _builder_version=&#8221;3.25&#8243; custom_padding=&#8221;|||&#8221; custom_padding__hover=&#8221;|||&#8221;][et_pb_image src=&#8221;https:\/\/tbvm.pt\/en\/wp-content\/uploads\/2020\/09\/logo_footer.png&#8221; title_text=&#8221;logo_footer&#8221; _builder_version=&#8221;4.6.1&#8243; _module_preset=&#8221;default&#8221;][\/et_pb_image][\/et_pb_column][et_pb_column type=&#8221;1_2&#8243; _builder_version=&#8221;3.25&#8243; custom_padding=&#8221;|||&#8221; custom_padding__hover=&#8221;|||&#8221;][et_pb_text admin_label=&#8221;Rodape nome do site&#8221; module_class=&#8221;LinkFooterBranco&#8221; _builder_version=&#8221;4.6.1&#8243; text_font=&#8221;||||||||&#8221; text_font_size=&#8221;14px&#8221; text_line_height=&#8221;1.4em&#8221; background_size=&#8221;initial&#8221; background_position=&#8221;top_left&#8221; background_repeat=&#8221;repeat&#8221; text_orientation=&#8221;center&#8221; custom_margin=&#8221;50px||0px||false|false&#8221; custom_padding=&#8221;0px||0px||true&#8221; text_orientation_tablet=&#8221;center&#8221; text_orientation_phone=&#8221;&#8221; text_orientation_last_edited=&#8221;on|desktop&#8221; text_text_align=&#8221;left&#8221; text_text_align_tablet=&#8221;center&#8221; text_text_align_last_edited=&#8221;on|desktop&#8221;]<\/p>\n<p style=\"padding-bottom: 2px;\"><a target=\"_blank\" href=\"https:\/\/www.livroreclamacoes.pt\/inicio\" rel=\"noopener noreferrer\">Livro de reclama\u00e7\u00f5es<\/a> \u00a0|\u00a0 <a href=\"https:\/\/tbvm.pt\/en\/protecao-de-dados\/#RLO\">Resolu\u00e7\u00e3o lit\u00edgios online<\/a> \u00a0|\u00a0 <a href=\"https:\/\/tbvm.pt\/en\/protecao-de-dados\/#PP\"> Privacidade<\/a> \u00a0|\u00a0 <a href=\"https:\/\/tbvm.pt\/en\/protecao-de-dados\/#PC\">Cookies<\/a><\/p>\n<p>[\/et_pb_text][\/et_pb_column][et_pb_column type=&#8221;1_4&#8243; _builder_version=&#8221;3.25&#8243; custom_padding=&#8221;|||&#8221; custom_padding__hover=&#8221;|||&#8221;][et_pb_social_media_follow use_icon_font_size=&#8221;on&#8221; icon_font_size=&#8221;15px&#8221; _builder_version=&#8221;4.6.1&#8243; text_orientation=&#8221;right&#8221; custom_margin=&#8221;50px|80px|0px||false|false&#8221; custom_margin_tablet=&#8221;|0px|||true|false&#8221; custom_margin_phone=&#8221;&#8221; custom_margin_last_edited=&#8221;on|desktop&#8221; custom_padding=&#8221;0px||0px||true|false&#8221; text_orientation_tablet=&#8221;center&#8221; text_orientation_phone=&#8221;&#8221; text_orientation_last_edited=&#8221;on|desktop&#8221; border_radii=&#8221;on|50px|50px|50px|50px&#8221;][et_pb_social_media_follow_network social_network=&#8221;facebook&#8221; icon_color=&#8221;#0f3948&#8243; _builder_version=&#8221;4.6.1&#8243; background_color=&#8221;rgba(0,0,0,0)&#8221; background_enable_color=&#8221;on&#8221; custom_margin=&#8221;0px|0px|0px|0px|true|true&#8221; custom_padding=&#8221;0px|0px|0px|0px|true|true&#8221; border_width_all=&#8221;1px&#8221; border_color_all=&#8221;#0f3948&#8243; icon_color__hover_enabled=&#8221;on|hover&#8221; icon_color__hover=&#8221;#ffffff&#8221; background__hover_enabled=&#8221;on|desktop&#8221; background_color__hover=&#8221;#3b5998&#8243; background_enable_color__hover=&#8221;on&#8221; follow_button=&#8221;off&#8221; url_new_window=&#8221;on&#8221;]facebook[\/et_pb_social_media_follow_network][\/et_pb_social_media_follow][\/et_pb_column][\/et_pb_row][\/et_pb_section]<\/p>\n<!-- AddThis Advanced Settings generic via filter on the_content --><!-- AddThis Share Buttons generic via filter on the_content -->","protected":false},"excerpt":{"rendered":"<p>[et_pb_section fb_built=&#8221;1&#8243; _builder_version=&#8221;4.6.1&#8243; background_image=&#8221;https:\/\/tbvm.pt\/en\/wp-content\/uploads\/2020\/09\/conatctos_topo.jpg&#8221; custom_margin=&#8221;0px||0px||true&#8221; custom_padding=&#8221;0px||0px||true&#8221; locked=&#8221;off&#8221;][et_pb_row use_custom_gutter=&#8221;on&#8221; gutter_width=&#8221;1&#8243; custom_padding_last_edited=&#8221;on|desktop&#8221; module_class=&#8221; et_pb_row_fullwidth&#8221; _builder_version=&#8221;4.6.1&#8243; background_enable_color=&#8221;off&#8221; width=&#8221;100%&#8221; width_tablet=&#8221;100%&#8221; width_phone=&#8221;&#8221; width_last_edited=&#8221;on|desktop&#8221; max_width=&#8221;100%&#8221; max_width_tablet=&#8221;100%&#8221; max_width_phone=&#8221;&#8221; max_width_last_edited=&#8221;on|desktop&#8221; custom_margin=&#8221;0px||0px||true&#8221; custom_padding=&#8221;80px|20px|80px|20px|true|true&#8221; custom_padding_tablet=&#8221;80px||80px||true&#8221; custom_padding_phone=&#8221;60px||60px||true&#8221; make_fullwidth=&#8221;on&#8221;][et_pb_column type=&#8221;4_4&#8243; _builder_version=&#8221;3.25&#8243; custom_padding=&#8221;|||&#8221; custom_padding__hover=&#8221;|||&#8221;][et_pb_text content_tablet=&#8221;&#8221; content_phone=&#8221; SOCIEDADE &#8221; content_last_edited=&#8221;on|phone&#8221; _builder_version=&#8221;4.6.3&#8243; text_font=&#8221;||||||||&#8221; header_font=&#8221;|300||on|||||&#8221; header_text_align=&#8221;center&#8221; background_color=&#8221;rgba(15,57,72,0.67)&#8221; text_orientation=&#8221;justified&#8221; background_layout=&#8221;dark&#8221; width=&#8221;80%&#8221; max_width=&#8221;350px&#8221; module_alignment=&#8221;center&#8221; custom_margin=&#8221;20px||0px||false|false&#8221; custom_padding=&#8221;0px||0px||true&#8221; hover_enabled=&#8221;0&#8243; header_font_size_tablet=&#8221;&#8221; header_font_size_phone=&#8221;&#8221; header_font_size_last_edited=&#8221;on|phone&#8221; locked=&#8221;off&#8221; sticky_enabled=&#8221;0&#8243;] Contacts [&hellip;]<!-- AddThis Advanced Settings generic via filter on get_the_excerpt --><!-- AddThis Share Buttons generic via filter on get_the_excerpt --><\/p>\n","protected":false},"author":3,"featured_media":0,"parent":0,"menu_order":0,"comment_status":"closed","ping_status":"closed","template":"","meta":{"_et_pb_use_builder":"on","_et_pb_old_content":"","_et_gb_content_width":""},"_links":{"self":[{"href":"https:\/\/tbvm.pt\/en\/wp-json\/wp\/v2\/pages\/40603"}],"collection":[{"href":"https:\/\/tbvm.pt\/en\/wp-json\/wp\/v2\/pages"}],"about":[{"href":"https:\/\/tbvm.pt\/en\/wp-json\/wp\/v2\/types\/page"}],"author":[{"embeddable":true,"href":"https:\/\/tbvm.pt\/en\/wp-json\/wp\/v2\/users\/3"}],"replies":[{"embeddable":true,"href":"https:\/\/tbvm.pt\/en\/wp-json\/wp\/v2\/comments?post=40603"}],"version-history":[{"count":49,"href":"https:\/\/tbvm.pt\/en\/wp-json\/wp\/v2\/pages\/40603\/revisions"}],"predecessor-version":[{"id":47974,"href":"https:\/\/tbvm.pt\/en\/wp-json\/wp\/v2\/pages\/40603\/revisions\/47974"}],"wp:attachment":[{"href":"https:\/\/tbvm.pt\/en\/wp-json\/wp\/v2\/media?parent=40603"}],"curies":[{"name":"wp","href":"https:\/\/api.w.org\/{rel}","templated":true}]}}